{"id":89,"date":"2019-11-24T00:17:56","date_gmt":"2019-11-23T23:17:56","guid":{"rendered":"http:\/\/amapascain.fr\/?page_id=89"},"modified":"2024-04-13T10:10:26","modified_gmt":"2024-04-13T08:10:26","slug":"fonctionnement","status":"publish","type":"page","link":"https:\/\/amapascain.fr\/?page_id=89","title":{"rendered":"Fonctionnement"},"content":{"rendered":"<p>[et_pb_section fb_built=\u00a0\u00bb1&Prime; _builder_version=\u00a0\u00bb4.16&Prime; global_colors_info=\u00a0\u00bb{}\u00a0\u00bb][et_pb_row column_structure=\u00a0\u00bb3_5,2_5&Prime; _builder_version=\u00a0\u00bb4.16&Prime; module_alignment=\u00a0\u00bbcenter\u00a0\u00bb global_colors_info=\u00a0\u00bb{}\u00a0\u00bb][et_pb_column type=\u00a0\u00bb3_5&Prime; _builder_version=\u00a0\u00bb4.16&Prime; global_colors_info=\u00a0\u00bb{}\u00a0\u00bb][et_pb_text _builder_version=\u00a0\u00bb4.16&Prime; text_font=\u00a0\u00bbLato||||||||\u00a0\u00bb text_text_color=\u00a0\u00bb#000000&Prime; text_font_size=\u00a0\u00bb15px\u00a0\u00bb animation_style=\u00a0\u00bbfade\u00a0\u00bb global_colors_info=\u00a0\u00bb{}\u00a0\u00bb]<\/p>\n<ul>\n<li>Nous existons depuis 2009.<\/li>\n<\/ul>\n<p>&nbsp;<\/p>\n<ul>\n<li>Nous nous retrouvons sur la place d&rsquo;Ascain, chaque jeudi de 18h30 \u00e0 19h30.<\/li>\n<\/ul>\n<p>&nbsp;<\/p>\n<ul>\n<li>Nous fonctionnons avec des contrats de 6 mois : de janvier \u00e0 juin, puis de juillet \u00e0 d\u00e9cembre. Chaque membre paye les 6 mois d&rsquo;avance au producteur.\u00a0 C&rsquo;est notre principal engagement militant. A chaque fin de p\u00e9riode, nous faisons un bilan avec les producteurs.<\/li>\n<\/ul>\n<p>&nbsp;<\/p>\n<ul>\n<li>Si des producteurs rencontrent des difficult\u00e9s, nous les soutenons. Il y a quelques temps, la gr\u00eale et le grippe aviaire ont caus\u00e9 des dommages \u00e0 nos producteurs. Nous avons alors re\u00e7u des paniers moins garnis ou perdu quelques livraisons.<\/li>\n<\/ul>\n<p>&nbsp;<\/p>\n<ul>\n<li>Nos producteurs ne nous demandent quasiment pas d&rsquo;aide dans leur travail, mais lorsque cela arrive, nous faisons ce que nous pouvons pour les soutenir (aller planter des oignons sous un beau soleil de dimanche, dans un champ magnifique&#8230;)<\/li>\n<\/ul>\n<p>[\/et_pb_text][\/et_pb_column][et_pb_column type=\u00a0\u00bb2_5&Prime; _builder_version=\u00a0\u00bb4.16&Prime; global_colors_info=\u00a0\u00bb{}\u00a0\u00bb][et_pb_image src=\u00a0\u00bbhttps:\/\/amapascain.fr\/wp-content\/uploads\/2019\/11\/PXR_ASCAIN-JOUR-DE-MESSE-016.jpg\u00a0\u00bb align=\u00a0\u00bbcenter\u00a0\u00bb _builder_version=\u00a0\u00bb4.16&Prime; width_tablet=\u00a0\u00bb49%\u00a0\u00bb width_phone=\u00a0\u00bb\u00a0\u00bb width_last_edited=\u00a0\u00bbon|desktop\u00a0\u00bb animation_style=\u00a0\u00bbfade\u00a0\u00bb border_radii=\u00a0\u00bbon|3px|3px|3px|3px\u00a0\u00bb box_shadow_style=\u00a0\u00bbpreset1&Prime; global_colors_info=\u00a0\u00bb{}\u00a0\u00bb][\/et_pb_image][\/et_pb_column][\/et_pb_row][\/et_pb_section]<\/p>\n","protected":false},"excerpt":{"rendered":"<p>Nous existons depuis 2009. &nbsp; Nous nous retrouvons sur la place d&rsquo;Ascain, chaque jeudi de 18h30 \u00e0 19h30. &nbsp; Nous fonctionnons avec des contrats de 6 mois : de janvier \u00e0 juin, puis de juillet \u00e0 d\u00e9cembre. Chaque membre paye les 6 mois d&rsquo;avance au producteur.\u00a0 C&rsquo;est notre principal engagement militant. A chaque fin de [&hellip;]<\/p>\n","protected":false},"author":1,"featured_media":0,"parent":0,"menu_order":0,"comment_status":"closed","ping_status":"closed","template":"","meta":{"_et_pb_use_builder":"on","_et_pb_old_content":"<!-- wp:divi\/placeholder \/-->","_et_gb_content_width":"","footnotes":""},"_links":{"self":[{"href":"https:\/\/amapascain.fr\/index.php?rest_route=\/wp\/v2\/pages\/89"}],"collection":[{"href":"https:\/\/amapascain.fr\/index.php?rest_route=\/wp\/v2\/pages"}],"about":[{"href":"https:\/\/amapascain.fr\/index.php?rest_route=\/wp\/v2\/types\/page"}],"author":[{"embeddable":true,"href":"https:\/\/amapascain.fr\/index.php?rest_route=\/wp\/v2\/users\/1"}],"replies":[{"embeddable":true,"href":"https:\/\/amapascain.fr\/index.php?rest_route=%2Fwp%2Fv2%2Fcomments&post=89"}],"version-history":[{"count":20,"href":"https:\/\/amapascain.fr\/index.php?rest_route=\/wp\/v2\/pages\/89\/revisions"}],"predecessor-version":[{"id":722,"href":"https:\/\/amapascain.fr\/index.php?rest_route=\/wp\/v2\/pages\/89\/revisions\/722"}],"wp:attachment":[{"href":"https:\/\/amapascain.fr\/index.php?rest_route=%2Fwp%2Fv2%2Fmedia&parent=89"}],"curies":[{"name":"wp","href":"https:\/\/api.w.org\/{rel}","templated":true}]}}