{"id":241,"date":"2019-11-24T10:51:34","date_gmt":"2019-11-24T09:51:34","guid":{"rendered":"http:\/\/amapascain.fr\/?page_id=241"},"modified":"2023-04-09T21:39:31","modified_gmt":"2023-04-09T19:39:31","slug":"poulets","status":"publish","type":"page","link":"https:\/\/amapascain.fr\/?page_id=241","title":{"rendered":"Poulets"},"content":{"rendered":"<p>[et_pb_section fb_built=\u00a0\u00bb1&Prime; _builder_version=\u00a0\u00bb4.16&Prime; global_colors_info=\u00a0\u00bb{}\u00a0\u00bb][et_pb_row column_structure=\u00a0\u00bb3_5,2_5&Prime; _builder_version=\u00a0\u00bb4.16&Prime; global_colors_info=\u00a0\u00bb{}\u00a0\u00bb][et_pb_column type=\u00a0\u00bb3_5&Prime; _builder_version=\u00a0\u00bb4.16&Prime; global_colors_info=\u00a0\u00bb{}\u00a0\u00bb][et_pb_image src=\u00a0\u00bbhttps:\/\/amapascain.fr\/wp-content\/uploads\/2023\/04\/291222_portrait_jorajuria.jpg\u00a0\u00bb title_text=\u00a0\u00bb291222_portrait_jorajuria\u00a0\u00bb align=\u00a0\u00bbcenter\u00a0\u00bb _builder_version=\u00a0\u00bb4.20.4&Prime; animation_style=\u00a0\u00bbfade\u00a0\u00bb border_radii=\u00a0\u00bbon|7px|7px|7px|7px\u00a0\u00bb box_shadow_style=\u00a0\u00bbpreset1&Prime; global_colors_info=\u00a0\u00bb{}\u00a0\u00bb][\/et_pb_image][et_pb_image src=\u00a0\u00bbhttps:\/\/amapascain.fr\/wp-content\/uploads\/2019\/11\/INMmk8s2bFt83xKfFK2dij3pQGY.jpg\u00a0\u00bb title_text=\u00a0\u00bbINMmk8s2bFt83xKfFK2dij3pQGY\u00a0\u00bb align=\u00a0\u00bbcenter\u00a0\u00bb _builder_version=\u00a0\u00bb4.20.4&Prime; animation_style=\u00a0\u00bbfade\u00a0\u00bb hover_enabled=\u00a0\u00bb0&Prime; border_radii=\u00a0\u00bbon|7px|7px|7px|7px\u00a0\u00bb box_shadow_style=\u00a0\u00bbpreset1&Prime; global_colors_info=\u00a0\u00bb{}\u00a0\u00bb width=\u00a0\u00bb59%\u00a0\u00bb sticky_enabled=\u00a0\u00bb0&Prime;][\/et_pb_image][\/et_pb_column][et_pb_column type=\u00a0\u00bb2_5&Prime; _builder_version=\u00a0\u00bb4.16&Prime; global_colors_info=\u00a0\u00bb{}\u00a0\u00bb][et_pb_image src=\u00a0\u00bbhttps:\/\/amapascain.fr\/wp-content\/uploads\/2023\/04\/IMG-20230409-WA0016.jpg\u00a0\u00bb title_text=\u00a0\u00bbIMG-20230409-WA0016&Prime; _builder_version=\u00a0\u00bb4.20.4&Prime; _module_preset=\u00a0\u00bbdefault\u00a0\u00bb hover_enabled=\u00a0\u00bb0&Prime; border_radii=\u00a0\u00bbon|5px|5px|5px|5px\u00a0\u00bb box_shadow_style=\u00a0\u00bbpreset1&Prime; global_colors_info=\u00a0\u00bb{}\u00a0\u00bb sticky_enabled=\u00a0\u00bb0&Prime;][\/et_pb_image][et_pb_image src=\u00a0\u00bbhttps:\/\/amapascain.fr\/wp-content\/uploads\/2023\/04\/1471-AGRICULTURE-Jorajuria-Ahizpak-Photo-2-1-1.jpg\u00a0\u00bb title_text=\u00a0\u00bb1471-AGRICULTURE-Jorajuria-Ahizpak-Photo-2-\u00a0\u00bb _builder_version=\u00a0\u00bb4.20.4&Prime; _module_preset=\u00a0\u00bbdefault\u00a0\u00bb border_radii=\u00a0\u00bbon|5px|5px|5px|5px\u00a0\u00bb box_shadow_style=\u00a0\u00bbpreset1&Prime; global_colors_info=\u00a0\u00bb{}\u00a0\u00bb][\/et_pb_image][\/et_pb_column][\/et_pb_row][et_pb_row _builder_version=\u00a0\u00bb4.16&Prime; global_colors_info=\u00a0\u00bb{}\u00a0\u00bb][et_pb_column type=\u00a0\u00bb4_4&Prime; _builder_version=\u00a0\u00bb4.16&Prime; global_colors_info=\u00a0\u00bb{}\u00a0\u00bb][et_pb_text _builder_version=\u00a0\u00bb4.20.4&Prime; text_font=\u00a0\u00bbLato||||||||\u00a0\u00bb text_text_color=\u00a0\u00bb#000000&Prime; text_font_size=\u00a0\u00bb16px\u00a0\u00bb custom_margin=\u00a0\u00bb|30px||30px|false|false\u00a0\u00bb hover_enabled=\u00a0\u00bb0&Prime; global_colors_info=\u00a0\u00bb{}\u00a0\u00bb sticky_enabled=\u00a0\u00bb0&Prime;]<\/p>\n<h1 class=\"w-full-article-header__title\">Les s\u0153urs Jorajuria, Senpertar et agricultrices<\/h1>\n<div class=\"w-full-article-header__summary\">\n<p>Install\u00e9es depuis un an sur le bassin de vie de Saint-P\u00e9e, Izar et Anaiz Jorajuria \u00e9l\u00e8vent des poules pondeuses, des poulets et des porcs. Le tout en circuit court et biologique.<\/p>\n<p style=\"text-align: center;\"><strong>Poulets, oeufs, porc, rillettes de poule, poulet basquaise !<\/strong><\/p>\n<\/div>\n<p>[\/et_pb_text][\/et_pb_column][\/et_pb_row][\/et_pb_section]<\/p>\n","protected":false},"excerpt":{"rendered":"<p>Les s\u0153urs Jorajuria, Senpertar et agricultrices Install\u00e9es depuis un an sur le bassin de vie de Saint-P\u00e9e, Izar et Anaiz Jorajuria \u00e9l\u00e8vent des poules pondeuses, des poulets et des porcs. Le tout en circuit court et biologique. Poulets, oeufs, porc, rillettes de poule, poulet basquaise !<\/p>\n","protected":false},"author":1,"featured_media":0,"parent":0,"menu_order":0,"comment_status":"closed","ping_status":"closed","template":"","meta":{"_et_pb_use_builder":"on","_et_pb_old_content":"","_et_gb_content_width":"","footnotes":""},"_links":{"self":[{"href":"https:\/\/amapascain.fr\/index.php?rest_route=\/wp\/v2\/pages\/241"}],"collection":[{"href":"https:\/\/amapascain.fr\/index.php?rest_route=\/wp\/v2\/pages"}],"about":[{"href":"https:\/\/amapascain.fr\/index.php?rest_route=\/wp\/v2\/types\/page"}],"author":[{"embeddable":true,"href":"https:\/\/amapascain.fr\/index.php?rest_route=\/wp\/v2\/users\/1"}],"replies":[{"embeddable":true,"href":"https:\/\/amapascain.fr\/index.php?rest_route=%2Fwp%2Fv2%2Fcomments&post=241"}],"version-history":[{"count":16,"href":"https:\/\/amapascain.fr\/index.php?rest_route=\/wp\/v2\/pages\/241\/revisions"}],"predecessor-version":[{"id":700,"href":"https:\/\/amapascain.fr\/index.php?rest_route=\/wp\/v2\/pages\/241\/revisions\/700"}],"wp:attachment":[{"href":"https:\/\/amapascain.fr\/index.php?rest_route=%2Fwp%2Fv2%2Fmedia&parent=241"}],"curies":[{"name":"wp","href":"https:\/\/api.w.org\/{rel}","templated":true}]}}